{"id":350,"date":"2020-10-04T17:10:15","date_gmt":"2020-10-05T00:10:15","guid":{"rendered":"http:\/\/mist.isi.uson.mx\/aviies2020\/?page_id=350"},"modified":"2020-10-23T10:38:47","modified_gmt":"2020-10-23T17:38:47","slug":"acerca","status":"publish","type":"page","link":"http:\/\/mist.isi.uson.mx\/aviies2020\/acerca\/","title":{"rendered":"Acerca del simposio"},"content":{"rendered":"\t\t<div data-elementor-type=\"wp-page\" data-elementor-id=\"350\" class=\"elementor elementor-350\" data-elementor-settings=\"[]\">\n\t\t\t\t\t\t<div class=\"elementor-inner\">\n\t\t\t\t\t\t\t<div class=\"elementor-section-wrap\">\n\t\t\t\t\t\t\t<section class=\"elementor-section elementor-top-section elementor-element elementor-element-94e7514 elementor-section-boxed elementor-section-height-default elementor-section-height-default\" data-id=\"94e7514\" data-element_type=\"section\">\n\t\t\t\t\t\t<div class=\"elementor-container elementor-column-gap-default\">\n\t\t\t\t\t\t\t<div class=\"elementor-row\">\n\t\t\t\t\t<div class=\"elementor-column elementor-col-100 elementor-top-column elementor-element elementor-element-f517925\" data-id=\"f517925\" data-element_type=\"column\">\n\t\t\t<div class=\"elementor-column-wrap elementor-element-populated\">\n\t\t\t\t\t\t\t<div class=\"elementor-widget-wrap\">\n\t\t\t\t\t\t<div class=\"elementor-element elementor-element-95e24be elementor-position-top elementor-vertical-align-top elementor-widget elementor-widget-image-box\" data-id=\"95e24be\" data-element_type=\"widget\" data-widget_type=\"image-box.default\">\n\t\t\t\t<div class=\"elementor-widget-container\">\n\t\t\t<div class=\"elementor-image-box-wrapper\"><figure class=\"elementor-image-box-img\"><img width=\"1023\" height=\"524\" src=\"http:\/\/mist.isi.uson.mx\/aviies2020\/wp-content\/uploads\/2020\/10\/Captura-de-Pantalla-2020-10-03-a-las-14.51.32.png\" class=\"attachment-full size-full\" alt=\"\" loading=\"lazy\" srcset=\"http:\/\/mist.isi.uson.mx\/aviies2020\/wp-content\/uploads\/2020\/10\/Captura-de-Pantalla-2020-10-03-a-las-14.51.32.png 1023w, http:\/\/mist.isi.uson.mx\/aviies2020\/wp-content\/uploads\/2020\/10\/Captura-de-Pantalla-2020-10-03-a-las-14.51.32-300x154.png 300w, http:\/\/mist.isi.uson.mx\/aviies2020\/wp-content\/uploads\/2020\/10\/Captura-de-Pantalla-2020-10-03-a-las-14.51.32-768x393.png 768w\" sizes=\"(max-width: 1023px) 100vw, 1023px\" \/><\/figure><\/div>\t\t<\/div>\n\t\t\t\t<\/div>\n\t\t\t\t\t\t<\/div>\n\t\t\t\t\t<\/div>\n\t\t<\/div>\n\t\t\t\t\t\t\t\t<\/div>\n\t\t\t\t\t<\/div>\n\t\t<\/section>\n\t\t\t\t<section class=\"elementor-section elementor-top-section elementor-element elementor-element-354e1af elementor-section-boxed elementor-section-height-default elementor-section-height-default\" data-id=\"354e1af\" data-element_type=\"section\">\n\t\t\t\t\t\t<div class=\"elementor-container elementor-column-gap-default\">\n\t\t\t\t\t\t\t<div class=\"elementor-row\">\n\t\t\t\t\t<div class=\"elementor-column elementor-col-100 elementor-top-column elementor-element elementor-element-7190a14\" data-id=\"7190a14\" data-element_type=\"column\">\n\t\t\t<div class=\"elementor-column-wrap elementor-element-populated\">\n\t\t\t\t\t\t\t<div class=\"elementor-widget-wrap\">\n\t\t\t\t\t\t<div class=\"elementor-element elementor-element-afb065d elementor-widget elementor-widget-heading\" data-id=\"afb065d\" data-element_type=\"widget\" data-widget_type=\"heading.default\">\n\t\t\t\t<div class=\"elementor-widget-container\">\n\t\t\t<h2 class=\"elementor-heading-title elementor-size-default\">Organizaci\u00f3n<\/h2>\t\t<\/div>\n\t\t\t\t<\/div>\n\t\t\t\t\t\t<\/div>\n\t\t\t\t\t<\/div>\n\t\t<\/div>\n\t\t\t\t\t\t\t\t<\/div>\n\t\t\t\t\t<\/div>\n\t\t<\/section>\n\t\t\t\t<section class=\"elementor-section elementor-top-section elementor-element elementor-element-8418490 elementor-section-boxed elementor-section-height-default elementor-section-height-default\" data-id=\"8418490\" data-element_type=\"section\">\n\t\t\t\t\t\t<div class=\"elementor-container elementor-column-gap-default\">\n\t\t\t\t\t\t\t<div class=\"elementor-row\">\n\t\t\t\t\t<div class=\"elementor-column elementor-col-100 elementor-top-column elementor-element elementor-element-cb84127\" data-id=\"cb84127\" data-element_type=\"column\">\n\t\t\t<div class=\"elementor-column-wrap elementor-element-populated\">\n\t\t\t\t\t\t\t<div class=\"elementor-widget-wrap\">\n\t\t\t\t\t\t<div class=\"elementor-element elementor-element-800e0f9 elementor-widget elementor-widget-text-editor\" data-id=\"800e0f9\" data-element_type=\"widget\" data-widget_type=\"text-editor.default\">\n\t\t\t\t<div class=\"elementor-widget-container\">\n\t\t\t\t\t\t\t\t<div class=\"elementor-text-editor elementor-clearfix\">\n\t\t\t\t\t<p>Es coorganizado por la Universidad de Sonora, el Instituto Tecnol\u00f3gico de Hermosillo y el Instituto Tecnol\u00f3gico de Sonora a trav\u00e9s de sus posgrados: Maestri\u0301a en Ingenieri\u0301a en Sistemas y Tecnologi\u0301a de la UNISON; Maestr\u00eda en Ingenier\u00eda Electr\u00f3nica, Maestr\u00eda en Ciencias de la Computaci\u00f3n y la Maestr\u00eda en Ingenier\u00eda Industrial del ITH; Maestri\u0301a en Ingenieri\u0301a en Logi\u0301stica y Calidad, Maestri\u0301a en Ciencias de la Ingenier\u00eda, Maestri\u0301a en Tecnolog\u00edas de Informaci\u00f3n para los Negocios del ITSON.<\/p>\t\t\t\t\t<\/div>\n\t\t\t\t\t\t<\/div>\n\t\t\t\t<\/div>\n\t\t\t\t\t\t<\/div>\n\t\t\t\t\t<\/div>\n\t\t<\/div>\n\t\t\t\t\t\t\t\t<\/div>\n\t\t\t\t\t<\/div>\n\t\t<\/section>\n\t\t\t\t<section class=\"elementor-section elementor-top-section elementor-element elementor-element-e55e775 elementor-section-boxed elementor-section-height-default elementor-section-height-default\" data-id=\"e55e775\" data-element_type=\"section\">\n\t\t\t\t\t\t<div class=\"elementor-container elementor-column-gap-default\">\n\t\t\t\t\t\t\t<div class=\"elementor-row\">\n\t\t\t\t\t<div class=\"elementor-column elementor-col-100 elementor-top-column elementor-element elementor-element-f32fffe\" data-id=\"f32fffe\" data-element_type=\"column\">\n\t\t\t<div class=\"elementor-column-wrap elementor-element-populated\">\n\t\t\t\t\t\t\t<div class=\"elementor-widget-wrap\">\n\t\t\t\t\t\t<div class=\"elementor-element elementor-element-317bec4 elementor-widget elementor-widget-heading\" data-id=\"317bec4\" data-element_type=\"widget\" data-widget_type=\"heading.default\">\n\t\t\t\t<div class=\"elementor-widget-container\">\n\t\t\t<h2 class=\"elementor-heading-title elementor-size-default\">Objetivos<\/h2>\t\t<\/div>\n\t\t\t\t<\/div>\n\t\t\t\t\t\t<\/div>\n\t\t\t\t\t<\/div>\n\t\t<\/div>\n\t\t\t\t\t\t\t\t<\/div>\n\t\t\t\t\t<\/div>\n\t\t<\/section>\n\t\t\t\t<section class=\"elementor-section elementor-top-section elementor-element elementor-element-a409e4b elementor-section-boxed elementor-section-height-default elementor-section-height-default\" data-id=\"a409e4b\" data-element_type=\"section\">\n\t\t\t\t\t\t<div class=\"elementor-container elementor-column-gap-default\">\n\t\t\t\t\t\t\t<div class=\"elementor-row\">\n\t\t\t\t\t<div class=\"elementor-column elementor-col-100 elementor-top-column elementor-element elementor-element-a474178\" data-id=\"a474178\" data-element_type=\"column\">\n\t\t\t<div class=\"elementor-column-wrap elementor-element-populated\">\n\t\t\t\t\t\t\t<div class=\"elementor-widget-wrap\">\n\t\t\t\t\t\t<div class=\"elementor-element elementor-element-4f71ae9 elementor-widget elementor-widget-text-editor\" data-id=\"4f71ae9\" data-element_type=\"widget\" data-widget_type=\"text-editor.default\">\n\t\t\t\t<div class=\"elementor-widget-container\">\n\t\t\t\t\t\t\t\t<div class=\"elementor-text-editor elementor-clearfix\">\n\t\t\t\t\t<ol><li>Dar a conocer los reportes de investigaci\u00f3n llevados a cabo por profesores o investigadores, en proceso o concluidos recientemente;<\/li><li>Dar a conocer las tesis de posgrado llevadas a cabo por estudiantes del posgrado, en proceso o concluidas recientemente; y<\/li><li>Fomentar las actividades acad\u00e9micas que favorezcan la colaboraci\u00f3n y movilidad de estudiantes y profesores entre las instituciones coorganizadoras.<\/li><\/ol>\t\t\t\t\t<\/div>\n\t\t\t\t\t\t<\/div>\n\t\t\t\t<\/div>\n\t\t\t\t\t\t<\/div>\n\t\t\t\t\t<\/div>\n\t\t<\/div>\n\t\t\t\t\t\t\t\t<\/div>\n\t\t\t\t\t<\/div>\n\t\t<\/section>\n\t\t\t\t<section class=\"elementor-section elementor-top-section elementor-element elementor-element-779d44f elementor-section-boxed elementor-section-height-default elementor-section-height-default\" data-id=\"779d44f\" data-element_type=\"section\">\n\t\t\t\t\t\t<div class=\"elementor-container elementor-column-gap-default\">\n\t\t\t\t\t\t\t<div class=\"elementor-row\">\n\t\t\t\t\t<div class=\"elementor-column elementor-col-100 elementor-top-column elementor-element elementor-element-590b988\" data-id=\"590b988\" data-element_type=\"column\">\n\t\t\t<div class=\"elementor-column-wrap elementor-element-populated\">\n\t\t\t\t\t\t\t<div class=\"elementor-widget-wrap\">\n\t\t\t\t\t\t<div class=\"elementor-element elementor-element-62e99e9 elementor-widget elementor-widget-heading\" data-id=\"62e99e9\" data-element_type=\"widget\" data-widget_type=\"heading.default\">\n\t\t\t\t<div class=\"elementor-widget-container\">\n\t\t\t<h2 class=\"elementor-heading-title elementor-size-default\">Tem\u00e1ticas<\/h2>\t\t<\/div>\n\t\t\t\t<\/div>\n\t\t\t\t\t\t<\/div>\n\t\t\t\t\t<\/div>\n\t\t<\/div>\n\t\t\t\t\t\t\t\t<\/div>\n\t\t\t\t\t<\/div>\n\t\t<\/section>\n\t\t\t\t<section class=\"elementor-section elementor-top-section elementor-element elementor-element-24bf283 elementor-section-boxed elementor-section-height-default elementor-section-height-default\" data-id=\"24bf283\" data-element_type=\"section\">\n\t\t\t\t\t\t<div class=\"elementor-container elementor-column-gap-default\">\n\t\t\t\t\t\t\t<div class=\"elementor-row\">\n\t\t\t\t\t<div class=\"elementor-column elementor-col-100 elementor-top-column elementor-element elementor-element-b94ff7f\" data-id=\"b94ff7f\" data-element_type=\"column\">\n\t\t\t<div class=\"elementor-column-wrap elementor-element-populated\">\n\t\t\t\t\t\t\t<div class=\"elementor-widget-wrap\">\n\t\t\t\t\t\t<div class=\"elementor-element elementor-element-66a73bf elementor-widget elementor-widget-text-editor\" data-id=\"66a73bf\" data-element_type=\"widget\" data-widget_type=\"text-editor.default\">\n\t\t\t\t<div class=\"elementor-widget-container\">\n\t\t\t\t\t\t\t\t<div class=\"elementor-text-editor elementor-clearfix\">\n\t\t\t\t\t<p>Las tem\u00e1ticas est\u00e1n relacionadas con sistemas de producci\u00f3n, ingenier\u00eda industrial, automatizaci\u00f3n y control, ergonom\u00eda y seguridad industrial, gesti\u00f3n del conocimiento, aplicaciones m\u00f3viles, ingenier\u00eda de software, el\u00e9ctrica y electr\u00f3nica.<\/p>\t\t\t\t\t<\/div>\n\t\t\t\t\t\t<\/div>\n\t\t\t\t<\/div>\n\t\t\t\t\t\t<\/div>\n\t\t\t\t\t<\/div>\n\t\t<\/div>\n\t\t\t\t\t\t\t\t<\/div>\n\t\t\t\t\t<\/div>\n\t\t<\/section>\n\t\t\t\t<section class=\"elementor-section elementor-top-section elementor-element elementor-element-f9e9319 elementor-section-boxed elementor-section-height-default elementor-section-height-default\" data-id=\"f9e9319\" data-element_type=\"section\">\n\t\t\t\t\t\t<div class=\"elementor-container elementor-column-gap-default\">\n\t\t\t\t\t\t\t<div class=\"elementor-row\">\n\t\t\t\t\t<div class=\"elementor-column elementor-col-100 elementor-top-column elementor-element elementor-element-3dcc318\" data-id=\"3dcc318\" data-element_type=\"column\">\n\t\t\t<div class=\"elementor-column-wrap elementor-element-populated\">\n\t\t\t\t\t\t\t<div class=\"elementor-widget-wrap\">\n\t\t\t\t\t\t<div class=\"elementor-element elementor-element-950e5ca elementor-widget elementor-widget-heading\" data-id=\"950e5ca\" data-element_type=\"widget\" data-widget_type=\"heading.default\">\n\t\t\t\t<div class=\"elementor-widget-container\">\n\t\t\t<h2 class=\"elementor-heading-title elementor-size-default\">Actividades<\/h2>\t\t<\/div>\n\t\t\t\t<\/div>\n\t\t\t\t\t\t<\/div>\n\t\t\t\t\t<\/div>\n\t\t<\/div>\n\t\t\t\t\t\t\t\t<\/div>\n\t\t\t\t\t<\/div>\n\t\t<\/section>\n\t\t\t\t<section class=\"elementor-section elementor-top-section elementor-element elementor-element-465f475 elementor-section-boxed elementor-section-height-default elementor-section-height-default\" data-id=\"465f475\" data-element_type=\"section\">\n\t\t\t\t\t\t<div class=\"elementor-container elementor-column-gap-default\">\n\t\t\t\t\t\t\t<div class=\"elementor-row\">\n\t\t\t\t\t<div class=\"elementor-column elementor-col-100 elementor-top-column elementor-element elementor-element-a61d035\" data-id=\"a61d035\" data-element_type=\"column\">\n\t\t\t<div class=\"elementor-column-wrap elementor-element-populated\">\n\t\t\t\t\t\t\t<div class=\"elementor-widget-wrap\">\n\t\t\t\t\t\t<div class=\"elementor-element elementor-element-bd7a72b elementor-widget elementor-widget-text-editor\" data-id=\"bd7a72b\" data-element_type=\"widget\" data-widget_type=\"text-editor.default\">\n\t\t\t\t<div class=\"elementor-widget-container\">\n\t\t\t\t\t\t\t\t<div class=\"elementor-text-editor elementor-clearfix\">\n\t\t\t\t\t<p>Como actividades se incluye la presentaci\u00f3n de diversas ponencias y p\u00f3sters relacionados a los proyectos de las tres instituciones. Un producto final es una revista electr\u00f3nica en la que se publican los trabajos.<\/p>\t\t\t\t\t<\/div>\n\t\t\t\t\t\t<\/div>\n\t\t\t\t<\/div>\n\t\t\t\t\t\t<\/div>\n\t\t\t\t\t<\/div>\n\t\t<\/div>\n\t\t\t\t\t\t\t\t<\/div>\n\t\t\t\t\t<\/div>\n\t\t<\/section>\n\t\t\t\t<section class=\"elementor-section elementor-top-section elementor-element elementor-element-bd9434e elementor-section-boxed elementor-section-height-default elementor-section-height-default\" data-id=\"bd9434e\" data-element_type=\"section\">\n\t\t\t\t\t\t<div class=\"elementor-container elementor-column-gap-default\">\n\t\t\t\t\t\t\t<div class=\"elementor-row\">\n\t\t\t\t\t<div class=\"elementor-column elementor-col-100 elementor-top-column elementor-element elementor-element-0d6e868\" data-id=\"0d6e868\" data-element_type=\"column\">\n\t\t\t<div class=\"elementor-column-wrap elementor-element-populated\">\n\t\t\t\t\t\t\t<div class=\"elementor-widget-wrap\">\n\t\t\t\t\t\t<div class=\"elementor-element elementor-element-c68148e elementor-widget elementor-widget-text-editor\" data-id=\"c68148e\" data-element_type=\"widget\" data-widget_type=\"text-editor.default\">\n\t\t\t\t<div class=\"elementor-widget-container\">\n\t\t\t\t\t\t\t\t<div class=\"elementor-text-editor elementor-clearfix\">\n\t\t\t\t\t<p>Se presentar\u00e1n un total de 43 trabajos: 16 ponencias (5 UNISON, 8 ITH, 3 ITSON) y 27 p\u00f3sters (17 UNISON, 9 ITH, 1 ITSON).<\/p>\t\t\t\t\t<\/div>\n\t\t\t\t\t\t<\/div>\n\t\t\t\t<\/div>\n\t\t\t\t\t\t<\/div>\n\t\t\t\t\t<\/div>\n\t\t<\/div>\n\t\t\t\t\t\t\t\t<\/div>\n\t\t\t\t\t<\/div>\n\t\t<\/section>\n\t\t\t\t<section class=\"elementor-section elementor-top-section elementor-element elementor-element-cd84b77 elementor-section-boxed elementor-section-height-default elementor-section-height-default\" data-id=\"cd84b77\" data-element_type=\"section\">\n\t\t\t\t\t\t<div class=\"elementor-container elementor-column-gap-default\">\n\t\t\t\t\t\t\t<div class=\"elementor-row\">\n\t\t\t\t\t<div class=\"elementor-column elementor-col-100 elementor-top-column elementor-element elementor-element-cf529fc\" data-id=\"cf529fc\" data-element_type=\"column\">\n\t\t\t<div class=\"elementor-column-wrap elementor-element-populated\">\n\t\t\t\t\t\t\t<div class=\"elementor-widget-wrap\">\n\t\t\t\t\t\t<div class=\"elementor-element elementor-element-163f6e2 elementor-widget elementor-widget-heading\" data-id=\"163f6e2\" data-element_type=\"widget\" data-widget_type=\"heading.default\">\n\t\t\t\t<div class=\"elementor-widget-container\">\n\t\t\t<h2 class=\"elementor-heading-title elementor-size-default\">Lugar y fecha de realizaci\u00f3n<\/h2>\t\t<\/div>\n\t\t\t\t<\/div>\n\t\t\t\t\t\t<\/div>\n\t\t\t\t\t<\/div>\n\t\t<\/div>\n\t\t\t\t\t\t\t\t<\/div>\n\t\t\t\t\t<\/div>\n\t\t<\/section>\n\t\t\t\t<section class=\"elementor-section elementor-top-section elementor-element elementor-element-fb4cb24 elementor-section-boxed elementor-section-height-default elementor-section-height-default\" data-id=\"fb4cb24\" data-element_type=\"section\">\n\t\t\t\t\t\t<div class=\"elementor-container elementor-column-gap-default\">\n\t\t\t\t\t\t\t<div class=\"elementor-row\">\n\t\t\t\t\t<div class=\"elementor-column elementor-col-100 elementor-top-column elementor-element elementor-element-84846ed\" data-id=\"84846ed\" data-element_type=\"column\">\n\t\t\t<div class=\"elementor-column-wrap elementor-element-populated\">\n\t\t\t\t\t\t\t<div class=\"elementor-widget-wrap\">\n\t\t\t\t\t\t<div class=\"elementor-element elementor-element-f064911 elementor-widget elementor-widget-text-editor\" data-id=\"f064911\" data-element_type=\"widget\" data-widget_type=\"text-editor.default\">\n\t\t\t\t<div class=\"elementor-widget-container\">\n\t\t\t\t\t\t\t\t<div class=\"elementor-text-editor elementor-clearfix\">\n\t\t\t\t\t<p>La edici\u00f3n de este a\u00f1o, ser\u00e1 en modalidad virtual los d\u00edas 29 y 30 de octubre de 2020.<\/p>\t\t\t\t\t<\/div>\n\t\t\t\t\t\t<\/div>\n\t\t\t\t<\/div>\n\t\t\t\t\t\t<\/div>\n\t\t\t\t\t<\/div>\n\t\t<\/div>\n\t\t\t\t\t\t\t\t<\/div>\n\t\t\t\t\t<\/div>\n\t\t<\/section>\n\t\t\t\t\t\t<\/div>\n\t\t\t\t\t\t<\/div>\n\t\t\t\t\t<\/div>\n\t\t","protected":false},"excerpt":{"rendered":"<p>Organizaci\u00f3n Es coorganizado por la Universidad de Sonora, el Instituto Tecnol\u00f3gico de Hermosillo y el Instituto Tecnol\u00f3gico de Sonora a trav\u00e9s de sus posgrados: Maestri\u0301a en Ingenieri\u0301a en Sistemas y Tecnologi\u0301a de la UNISON; Maestr\u00eda en Ingenier\u00eda Electr\u00f3nica, Maestr\u00eda en Ciencias de la Computaci\u00f3n y la Maestr\u00eda en Ingenier\u00eda Industrial del ITH; Maestri\u0301a en Ingenieri\u0301a&#8230;<\/p>\n","protected":false},"author":1,"featured_media":0,"parent":0,"menu_order":1,"comment_status":"closed","ping_status":"closed","template":"","meta":[],"_links":{"self":[{"href":"http:\/\/mist.isi.uson.mx\/aviies2020\/wp-json\/wp\/v2\/pages\/350"}],"collection":[{"href":"http:\/\/mist.isi.uson.mx\/aviies2020\/wp-json\/wp\/v2\/pages"}],"about":[{"href":"http:\/\/mist.isi.uson.mx\/aviies2020\/wp-json\/wp\/v2\/types\/page"}],"author":[{"embeddable":true,"href":"http:\/\/mist.isi.uson.mx\/aviies2020\/wp-json\/wp\/v2\/users\/1"}],"replies":[{"embeddable":true,"href":"http:\/\/mist.isi.uson.mx\/aviies2020\/wp-json\/wp\/v2\/comments?post=350"}],"version-history":[{"count":21,"href":"http:\/\/mist.isi.uson.mx\/aviies2020\/wp-json\/wp\/v2\/pages\/350\/revisions"}],"predecessor-version":[{"id":602,"href":"http:\/\/mist.isi.uson.mx\/aviies2020\/wp-json\/wp\/v2\/pages\/350\/revisions\/602"}],"wp:attachment":[{"href":"http:\/\/mist.isi.uson.mx\/aviies2020\/wp-json\/wp\/v2\/media?parent=350"}],"curies":[{"name":"wp","href":"https:\/\/api.w.org\/{rel}","templated":true}]}}