{"id":25,"date":"2020-09-20T21:18:37","date_gmt":"2020-09-20T21:18:37","guid":{"rendered":"http:\/\/mist.isi.uson.mx\/aviies2020\/?page_id=25"},"modified":"2020-11-01T09:48:59","modified_gmt":"2020-11-01T16:48:59","slug":"inicio","status":"publish","type":"page","link":"http:\/\/mist.isi.uson.mx\/aviies2020\/","title":{"rendered":"Inicio"},"content":{"rendered":"\t\t<div data-elementor-type=\"wp-page\" data-elementor-id=\"25\" class=\"elementor elementor-25\" data-elementor-settings=\"[]\">\n\t\t\t\t\t\t<div class=\"elementor-inner\">\n\t\t\t\t\t\t\t<div class=\"elementor-section-wrap\">\n\t\t\t\t\t\t\t<section class=\"elementor-section elementor-top-section elementor-element elementor-element-9f05375 elementor-section-stretched elementor-section-boxed elementor-section-height-default elementor-section-height-default\" data-id=\"9f05375\" data-element_type=\"section\" data-settings=\"{&quot;stretch_section&quot;:&quot;section-stretched&quot;}\">\n\t\t\t\t\t\t<div class=\"elementor-container elementor-column-gap-default\">\n\t\t\t\t\t\t\t<div class=\"elementor-row\">\n\t\t\t\t\t<div class=\"elementor-column elementor-col-100 elementor-top-column elementor-element elementor-element-08323eb\" data-id=\"08323eb\" data-element_type=\"column\">\n\t\t\t<div class=\"elementor-column-wrap elementor-element-populated\">\n\t\t\t\t\t\t\t<div class=\"elementor-widget-wrap\">\n\t\t\t\t\t\t<div class=\"elementor-element elementor-element-b104ce4 elementor-widget elementor-widget-naevents_unique_conference\" data-id=\"b104ce4\" data-element_type=\"widget\" data-settings=\"{&quot;event_image&quot;:{&quot;url&quot;:&quot;http:\\\/\\\/mist.isi.uson.mx\\\/aviies2020\\\/wp-content\\\/uploads\\\/2020\\\/10\\\/Captura-de-Pantalla-2020-10-03-a-las-14.51.32.png&quot;,&quot;id&quot;:211}}\" data-widget_type=\"naevents_unique_conference.default\">\n\t\t\t\t<div class=\"elementor-widget-container\">\n\t\t\t\t\t\t<div class=\"naeep-conference\">\r\n\t\t\t\t<div class=\"col-na-row align-items-center\">\r\n\t\t\t\t\t\t\t\t\t\t<div class=\"col-na-6\"><div class=\"naeep-image\"><img src=\"http:\/\/mist.isi.uson.mx\/aviies2020\/wp-content\/uploads\/2020\/10\/Captura-de-Pantalla-2020-10-03-a-las-14.51.32.png\" alt=\"Avances de Investigaci\u00f3n en Ingenier\u00eda en el Estado de Sonora\"><\/div><\/div>\r\n\t\t\t    <div class=\"col-na-6\">\r\n\t\t\t\t\t  <div class=\"naeep-conference-item\">\r\n\t\t\t\t\t  \t<h5>D\u00e9cimo Simposio<\/h5><h3 class=\"event-title\">Avances de Investigaci\u00f3n en Ingenier\u00eda en el Estado de Sonora<\/h3>\t\t\t\t\t    <div class=\"naeep-conference-info\"><p>Evento en modalidad virtual a celebrarse los d\u00edas 29 y 30 de octubre de 2020.<\/p><\/div>\r\n\t\t\t\t\t    \t\t\t        <ul><li><i class=\"fa fa-map-marker\" aria-hidden=\"true\"><\/i> Hermosillo, Sonora, M\u00e9xico.<\/li><li><i class=\"fa fa-user\" aria-hidden=\"true\"><\/i> Universidad de Sonora<\/li><\/ul>\r\n\t\t\t\t\t  <\/div>\r\n\t\t\t\t\t<\/div>\r\n\t\t\t\t<\/div>\r\n\t    <\/div>\r\n\t\t\t\t<\/div>\n\t\t\t\t<\/div>\n\t\t\t\t\t\t<\/div>\n\t\t\t\t\t<\/div>\n\t\t<\/div>\n\t\t\t\t\t\t\t\t<\/div>\n\t\t\t\t\t<\/div>\n\t\t<\/section>\n\t\t\t\t<section class=\"elementor-section elementor-top-section elementor-element elementor-element-7a69f05 elementor-section-stretched elementor-section-boxed elementor-section-height-default elementor-section-height-default\" data-id=\"7a69f05\" data-element_type=\"section\" data-settings=\"{&quot;stretch_section&quot;:&quot;section-stretched&quot;}\">\n\t\t\t\t\t\t<div class=\"elementor-container elementor-column-gap-default\">\n\t\t\t\t\t\t\t<div class=\"elementor-row\">\n\t\t\t\t\t<div class=\"elementor-column elementor-col-100 elementor-top-column elementor-element elementor-element-f5558de\" data-id=\"f5558de\" data-element_type=\"column\">\n\t\t\t<div class=\"elementor-column-wrap elementor-element-populated\">\n\t\t\t\t\t\t\t<div class=\"elementor-widget-wrap\">\n\t\t\t\t\t\t<div class=\"elementor-element elementor-element-5a0b8da elementor-widget elementor-widget-premium-img-gallery\" data-id=\"5a0b8da\" data-element_type=\"widget\" data-widget_type=\"premium-img-gallery.default\">\n\t\t\t\t<div class=\"elementor-widget-container\">\n\t\t\t\n\t<div id=\"premium-img-gallery-5a0b8da\" class=\"premium-img-gallery premium-img-gallery-fitRows zoomin\">\n\t\t\n\t\t<div class=\"premium-gallery-container\" data-settings=\"{&quot;img_size&quot;:&quot;fitRows&quot;,&quot;filter&quot;:&quot;&quot;,&quot;theme&quot;:&quot;pp_default&quot;,&quot;active_cat&quot;:&quot;*&quot;,&quot;ltr_mode&quot;:true,&quot;shuffle&quot;:false,&quot;sort_by&quot;:&quot;original-order&quot;,&quot;skin&quot;:&quot;style2&quot;,&quot;light_box&quot;:&quot;yes&quot;,&quot;lightbox_type&quot;:&quot;default&quot;,&quot;overlay&quot;:false}\">\n\n\t\t\t\t\t\t\t<div class=\"premium-gallery-item elementor-repeater-item-9f525bc category-1 premium-gallery-video-item\">\n\t\t\t\t<div class=\"pa-gallery-img style2\" onclick=\"\">\n\t\t\t\t\t<div class=\"pa-gallery-img-container\">\n\t\t\t\t\t\t\t\t\t<div class=\"premium-gallery-video-wrap\" data-type=\"youtube\">\n\t\t\t\t\t\t\t\t\t<div class=\"premium-gallery-iframe-wrap\" data-src=\"https:\/\/www.youtube.com\/embed\/lpRd932MgYw?feature=oembed&#038;loop=0&#038;controls=1&#038;playlist=lpRd932MgYw&#038;mute=0\"><\/div>\n\t\t\t\t\t\t\t\t<\/div>\n\t\t\n\t\t<img class=\"pa-gallery-image\" src=\"http:\/\/mist.isi.uson.mx\/aviies2020\/wp-content\/uploads\/2020\/10\/Evento-AVIIES-2020-DIA1.png\" alt=\"Evento AVIIES 2020 - DIA1\">\n\t\t\t\t\t\t\t<\/div>\n\t\t\t\t\t\t\t\t\t\t\t<div class=\"pa-gallery-icons-caption-container\">\n\t\t\t\t\t\t\t<div class=\"pa-gallery-icons-caption-cell\">\n\t\t\t\t\t\t\t\t\t\t\t<div class=\"pa-gallery-lightbox-wrap pa-gallery-video-icon\" data-elementor-open-lightbox=\"yes\" data-elementor-lightbox=\"{&quot;type&quot;:&quot;video&quot;,&quot;videoType&quot;:&quot;youtube&quot;,&quot;url&quot;:&quot;https:\\\/\\\/www.youtube.com\\\/embed\\\/lpRd932MgYw?feature=oembed&amp;loop=0&amp;controls=1&amp;playlist=lpRd932MgYw&amp;mute=0&quot;,&quot;modalOptions&quot;:{&quot;id&quot;:&quot;elementor-lightbox-5a0b8da&quot;,&quot;videoAspectRatio&quot;:&quot;169&quot;}}\">\n\t\t\t\t<a class=\"pa-gallery-magnific-image pa-gallery-video-icon\">\n\t\t\t\t\t<span>\n\t\t\t\t\t\t<i aria-hidden=\"true\" class=\"fab fa-youtube\"><\/i>\t\t\t\t\t<\/span>\n\t\t\t\t<\/a>\n\t\t\t<\/div>\n\n\t\t\t\t\t\t\t\t\t\t<\/div>\n\t\t\t\t\t\t<\/div>\n\t\t\t\t\t\t\t\t\t\t\t\t\t<\/div>\n\t\t\t\t\t\t<\/div>\n\t\t\t\t\t\t\t\t\t\t<div class=\"premium-gallery-item elementor-repeater-item-9b2e360 category-2 premium-gallery-video-item\">\n\t\t\t\t<div class=\"pa-gallery-img style2\" onclick=\"\">\n\t\t\t\t\t<div class=\"pa-gallery-img-container\">\n\t\t\t\t\t\t\t\t\t<div class=\"premium-gallery-video-wrap\" data-type=\"youtube\">\n\t\t\t\t\t\t\t\t\t<div class=\"premium-gallery-iframe-wrap\" data-src=\"https:\/\/www.youtube.com\/embed\/u0RdmaRyT98?feature=oembed&#038;loop=0&#038;controls=1&#038;playlist=u0RdmaRyT98&#038;mute=0\"><\/div>\n\t\t\t\t\t\t\t\t<\/div>\n\t\t\n\t\t<img class=\"pa-gallery-image\" src=\"http:\/\/mist.isi.uson.mx\/aviies2020\/wp-content\/uploads\/2020\/10\/Evento-AVIIES-2020-DIA2.png\" alt=\"Evento AVIIES 2020 - DIA2\">\n\t\t\t\t\t\t\t<\/div>\n\t\t\t\t\t\t\t\t\t\t\t<div class=\"pa-gallery-icons-caption-container\">\n\t\t\t\t\t\t\t<div class=\"pa-gallery-icons-caption-cell\">\n\t\t\t\t\t\t\t\t\t\t\t<div class=\"pa-gallery-lightbox-wrap pa-gallery-video-icon\" data-elementor-open-lightbox=\"yes\" data-elementor-lightbox=\"{&quot;type&quot;:&quot;video&quot;,&quot;videoType&quot;:&quot;youtube&quot;,&quot;url&quot;:&quot;https:\\\/\\\/www.youtube.com\\\/embed\\\/u0RdmaRyT98?feature=oembed&amp;loop=0&amp;controls=1&amp;playlist=u0RdmaRyT98&amp;mute=0&quot;,&quot;modalOptions&quot;:{&quot;id&quot;:&quot;elementor-lightbox-5a0b8da&quot;,&quot;videoAspectRatio&quot;:&quot;169&quot;}}\">\n\t\t\t\t<a class=\"pa-gallery-magnific-image pa-gallery-video-icon\">\n\t\t\t\t\t<span>\n\t\t\t\t\t\t<i aria-hidden=\"true\" class=\"fab fa-youtube\"><\/i>\t\t\t\t\t<\/span>\n\t\t\t\t<\/a>\n\t\t\t<\/div>\n\n\t\t\t\t\t\t\t\t\t\t<\/div>\n\t\t\t\t\t\t<\/div>\n\t\t\t\t\t\t\t\t\t\t\t\t\t<\/div>\n\t\t\t\t\t\t<\/div>\n\t\t\t\t\t\t\n\t\t\t\t\t<\/div>\n\n\t\t\n\t<\/div>\n\n\t\t\n\t\t\n\t\t\t\t<\/div>\n\t\t\t\t<\/div>\n\t\t\t\t\t\t<\/div>\n\t\t\t\t\t<\/div>\n\t\t<\/div>\n\t\t\t\t\t\t\t\t<\/div>\n\t\t\t\t\t<\/div>\n\t\t<\/section>\n\t\t\t\t<section class=\"elementor-section elementor-top-section elementor-element elementor-element-c2519e6 elementor-section-stretched elementor-section-boxed elementor-section-height-default elementor-section-height-default\" data-id=\"c2519e6\" data-element_type=\"section\" data-settings=\"{&quot;stretch_section&quot;:&quot;section-stretched&quot;}\">\n\t\t\t\t\t\t<div class=\"elementor-container elementor-column-gap-default\">\n\t\t\t\t\t\t\t<div class=\"elementor-row\">\n\t\t\t\t\t<div class=\"elementor-column elementor-col-100 elementor-top-column elementor-element elementor-element-81ca3a3\" data-id=\"81ca3a3\" data-element_type=\"column\">\n\t\t\t<div class=\"elementor-column-wrap elementor-element-populated\">\n\t\t\t\t\t\t\t<div class=\"elementor-widget-wrap\">\n\t\t\t\t\t\t<div class=\"elementor-element elementor-element-2dce74d elementor-arrows-position-inside elementor-pagination-position-outside elementor-widget elementor-widget-image-carousel\" data-id=\"2dce74d\" data-element_type=\"widget\" data-settings=\"{&quot;slides_to_show&quot;:&quot;5&quot;,&quot;navigation&quot;:&quot;both&quot;,&quot;autoplay&quot;:&quot;yes&quot;,&quot;pause_on_hover&quot;:&quot;yes&quot;,&quot;pause_on_interaction&quot;:&quot;yes&quot;,&quot;autoplay_speed&quot;:5000,&quot;infinite&quot;:&quot;yes&quot;,&quot;speed&quot;:500}\" data-widget_type=\"image-carousel.default\">\n\t\t\t\t<div class=\"elementor-widget-container\">\n\t\t\t\t\t<div class=\"elementor-image-carousel-wrapper swiper-container\" dir=\"ltr\">\n\t\t\t<div class=\"elementor-image-carousel swiper-wrapper\">\n\t\t\t\t<div class=\"swiper-slide\"><figure class=\"swiper-slide-inner\"><img class=\"swiper-slide-image\" src=\"http:\/\/mist.isi.uson.mx\/aviies2020\/wp-content\/uploads\/2020\/10\/aviies2011.png\" alt=\"ITH 2011\" \/><figcaption class=\"elementor-image-carousel-caption\">ITH 2011<\/figcaption><\/figure><\/div><div class=\"swiper-slide\"><figure class=\"swiper-slide-inner\"><img class=\"swiper-slide-image\" src=\"http:\/\/mist.isi.uson.mx\/aviies2020\/wp-content\/uploads\/2020\/10\/aviies2012.png\" alt=\"UNISON 2012\" \/><figcaption class=\"elementor-image-carousel-caption\">UNISON 2012<\/figcaption><\/figure><\/div><div class=\"swiper-slide\"><figure class=\"swiper-slide-inner\"><img class=\"swiper-slide-image\" src=\"http:\/\/mist.isi.uson.mx\/aviies2020\/wp-content\/uploads\/2020\/10\/aviies2013.png\" alt=\"ITH 2013\" \/><figcaption class=\"elementor-image-carousel-caption\">ITH 2013<\/figcaption><\/figure><\/div><div class=\"swiper-slide\"><figure class=\"swiper-slide-inner\"><img class=\"swiper-slide-image\" src=\"http:\/\/mist.isi.uson.mx\/aviies2020\/wp-content\/uploads\/2020\/10\/aviies2014.png\" alt=\"UNISON 2014\" \/><figcaption class=\"elementor-image-carousel-caption\">UNISON 2014<\/figcaption><\/figure><\/div><div class=\"swiper-slide\"><figure class=\"swiper-slide-inner\"><img class=\"swiper-slide-image\" src=\"http:\/\/mist.isi.uson.mx\/aviies2020\/wp-content\/uploads\/2020\/09\/aviies2015.jpg\" alt=\"ITSON 2015\" \/><figcaption class=\"elementor-image-carousel-caption\">ITSON 2015<\/figcaption><\/figure><\/div><div class=\"swiper-slide\"><figure class=\"swiper-slide-inner\"><img class=\"swiper-slide-image\" src=\"http:\/\/mist.isi.uson.mx\/aviies2020\/wp-content\/uploads\/2020\/09\/Aviies2016.jpeg\" alt=\"ITH 2016\" \/><figcaption class=\"elementor-image-carousel-caption\">ITH 2016<\/figcaption><\/figure><\/div><div class=\"swiper-slide\"><figure class=\"swiper-slide-inner\"><img class=\"swiper-slide-image\" src=\"http:\/\/mist.isi.uson.mx\/aviies2020\/wp-content\/uploads\/2020\/09\/Aviies2017.jpg\" alt=\"UNISON 2017\" \/><figcaption class=\"elementor-image-carousel-caption\">UNISON 2017<\/figcaption><\/figure><\/div><div class=\"swiper-slide\"><figure class=\"swiper-slide-inner\"><img class=\"swiper-slide-image\" src=\"http:\/\/mist.isi.uson.mx\/aviies2020\/wp-content\/uploads\/2020\/09\/aviies2018.jpg\" alt=\"ITSON 2018\" \/><figcaption class=\"elementor-image-carousel-caption\">ITSON 2018<\/figcaption><\/figure><\/div><div class=\"swiper-slide\"><figure class=\"swiper-slide-inner\"><img class=\"swiper-slide-image\" src=\"http:\/\/mist.isi.uson.mx\/aviies2020\/wp-content\/uploads\/2020\/09\/aviies2019.jpg\" alt=\"ITH 2019\" \/><figcaption class=\"elementor-image-carousel-caption\">ITH 2019<\/figcaption><\/figure><\/div>\t\t\t<\/div>\n\t\t\t\t\t\t\t\t\t\t\t\t<div class=\"swiper-pagination\"><\/div>\n\t\t\t\t\t\t\t\t\t\t\t\t\t<div class=\"elementor-swiper-button elementor-swiper-button-prev\">\n\t\t\t\t\t\t<i class=\"eicon-chevron-left\" aria-hidden=\"true\"><\/i>\n\t\t\t\t\t\t<span class=\"elementor-screen-only\">Anterior<\/span>\n\t\t\t\t\t<\/div>\n\t\t\t\t\t<div class=\"elementor-swiper-button elementor-swiper-button-next\">\n\t\t\t\t\t\t<i class=\"eicon-chevron-right\" aria-hidden=\"true\"><\/i>\n\t\t\t\t\t\t<span class=\"elementor-screen-only\">Siguiente<\/span>\n\t\t\t\t\t<\/div>\n\t\t\t\t\t\t\t\t\t<\/div>\n\t\t\t\t<\/div>\n\t\t\t\t<\/div>\n\t\t\t\t\t\t<\/div>\n\t\t\t\t\t<\/div>\n\t\t<\/div>\n\t\t\t\t\t\t\t\t<\/div>\n\t\t\t\t\t<\/div>\n\t\t<\/section>\n\t\t\t\t<section class=\"elementor-section elementor-top-section elementor-element elementor-element-2a02965 elementor-section-stretched elementor-section-boxed elementor-section-height-default elementor-section-height-default\" data-id=\"2a02965\" data-element_type=\"section\" data-settings=\"{&quot;stretch_section&quot;:&quot;section-stretched&quot;}\">\n\t\t\t\t\t\t<div class=\"elementor-container elementor-column-gap-default\">\n\t\t\t\t\t\t\t<div class=\"elementor-row\">\n\t\t\t\t\t<div class=\"elementor-column elementor-col-100 elementor-top-column elementor-element elementor-element-4e8a206\" data-id=\"4e8a206\" data-element_type=\"column\">\n\t\t\t<div class=\"elementor-column-wrap elementor-element-populated\">\n\t\t\t\t\t\t\t<div class=\"elementor-widget-wrap\">\n\t\t\t\t\t\t<div class=\"elementor-element elementor-element-a522dd8 elementor-widget elementor-widget-image-gallery\" data-id=\"a522dd8\" data-element_type=\"widget\" data-widget_type=\"image-gallery.default\">\n\t\t\t\t<div class=\"elementor-widget-container\">\n\t\t\t\t\t<div class=\"elementor-image-gallery\">\n\t\t\t<div id='gallery-1' class='gallery galleryid-25 gallery-columns-3 gallery-size-thumbnail'><figure class='gallery-item'>\n\t\t\t<div class='gallery-icon landscape'>\n\t\t\t\t<a data-elementor-open-lightbox=\"yes\" data-elementor-lightbox-slideshow=\"a522dd8\" data-elementor-lightbox-title=\"LogoITH\" href='http:\/\/mist.isi.uson.mx\/aviies2020\/wp-content\/uploads\/2020\/10\/LogoITH.png'><img width=\"150\" height=\"150\" src=\"http:\/\/mist.isi.uson.mx\/aviies2020\/wp-content\/uploads\/2020\/10\/LogoITH.png\" class=\"attachment-thumbnail size-thumbnail\" alt=\"\" loading=\"lazy\" \/><\/a>\n\t\t\t<\/div><\/figure><figure class='gallery-item'>\n\t\t\t<div class='gallery-icon landscape'>\n\t\t\t\t<a data-elementor-open-lightbox=\"yes\" data-elementor-lightbox-slideshow=\"a522dd8\" data-elementor-lightbox-title=\"LogoUNISON\" href='http:\/\/mist.isi.uson.mx\/aviies2020\/wp-content\/uploads\/2020\/10\/LogoUNISON.png'><img width=\"150\" height=\"150\" src=\"http:\/\/mist.isi.uson.mx\/aviies2020\/wp-content\/uploads\/2020\/10\/LogoUNISON.png\" class=\"attachment-thumbnail size-thumbnail\" alt=\"\" loading=\"lazy\" \/><\/a>\n\t\t\t<\/div><\/figure><figure class='gallery-item'>\n\t\t\t<div class='gallery-icon landscape'>\n\t\t\t\t<a data-elementor-open-lightbox=\"yes\" data-elementor-lightbox-slideshow=\"a522dd8\" data-elementor-lightbox-title=\"LogoITSON\" href='http:\/\/mist.isi.uson.mx\/aviies2020\/wp-content\/uploads\/2020\/10\/LogoITSON.png'><img width=\"150\" height=\"150\" src=\"http:\/\/mist.isi.uson.mx\/aviies2020\/wp-content\/uploads\/2020\/10\/LogoITSON.png\" class=\"attachment-thumbnail size-thumbnail\" alt=\"\" loading=\"lazy\" \/><\/a>\n\t\t\t<\/div><\/figure>\n\t\t<\/div>\n\t\t<\/div>\n\t\t\t\t<\/div>\n\t\t\t\t<\/div>\n\t\t\t\t\t\t<\/div>\n\t\t\t\t\t<\/div>\n\t\t<\/div>\n\t\t\t\t\t\t\t\t<\/div>\n\t\t\t\t\t<\/div>\n\t\t<\/section>\n\t\t\t\t\t\t<\/div>\n\t\t\t\t\t\t<\/div>\n\t\t\t\t\t<\/div>\n\t\t","protected":false},"excerpt":{"rendered":"<p>D\u00e9cimo Simposio Avances de Investigaci\u00f3n en Ingenier\u00eda en el Estado de Sonora Evento en modalidad virtual a celebrarse los d\u00edas 29 y 30 de octubre de 2020. Hermosillo, Sonora, M\u00e9xico. Universidad de Sonora ITH 2011 UNISON 2012 ITH 2013 UNISON 2014 ITSON 2015 ITH 2016 UNISON 2017 ITSON 2018 ITH 2019 Anterior Siguiente<\/p>\n","protected":false},"author":1,"featured_media":0,"parent":0,"menu_order":0,"comment_status":"closed","ping_status":"closed","template":"","meta":[],"_links":{"self":[{"href":"http:\/\/mist.isi.uson.mx\/aviies2020\/wp-json\/wp\/v2\/pages\/25"}],"collection":[{"href":"http:\/\/mist.isi.uson.mx\/aviies2020\/wp-json\/wp\/v2\/pages"}],"about":[{"href":"http:\/\/mist.isi.uson.mx\/aviies2020\/wp-json\/wp\/v2\/types\/page"}],"author":[{"embeddable":true,"href":"http:\/\/mist.isi.uson.mx\/aviies2020\/wp-json\/wp\/v2\/users\/1"}],"replies":[{"embeddable":true,"href":"http:\/\/mist.isi.uson.mx\/aviies2020\/wp-json\/wp\/v2\/comments?post=25"}],"version-history":[{"count":125,"href":"http:\/\/mist.isi.uson.mx\/aviies2020\/wp-json\/wp\/v2\/pages\/25\/revisions"}],"predecessor-version":[{"id":732,"href":"http:\/\/mist.isi.uson.mx\/aviies2020\/wp-json\/wp\/v2\/pages\/25\/revisions\/732"}],"wp:attachment":[{"href":"http:\/\/mist.isi.uson.mx\/aviies2020\/wp-json\/wp\/v2\/media?parent=25"}],"curies":[{"name":"wp","href":"https:\/\/api.w.org\/{rel}","templated":true}]}}